{"id":48,"date":"2017-08-03T17:27:53","date_gmt":"2017-08-03T15:27:53","guid":{"rendered":"http:\/\/schnell-mal-essen.de\/en\/?page_id=48"},"modified":"2023-09-28T18:38:50","modified_gmt":"2023-09-28T16:38:50","slug":"imprint","status":"publish","type":"page","link":"http:\/\/schnell-mal-essen.de\/en\/imprint\/","title":{"rendered":"Imprint"},"content":{"rendered":"<p>Gesch\u00e4ftsf\u00fchrer und Teamleiter \/<br \/>\nManaging Director and Team Leader:<\/p>\n<p><strong>R\u00fcdiger Mayer<\/strong><br \/>\n<strong>rmp-rm \u2022 reality media production<\/strong><\/p>\n<p><strong>Anschrift \/ address:<\/strong><br \/>\nWannweiler Strasse 55<br \/>\n72770 Reutlingen, Germany<br \/>\n<strong>Mobil:<\/strong> 0171-3633139<br \/>\n<strong>Tel.:<\/strong> 07121-957923<br \/>\n<strong>Email:<\/strong> <a href=\"mailto:info@rmp-rm.de\">info@rmp-rm.de<\/a><\/p>\n<p>Umsatzsteuer-Identifikationsnummer:<br \/>\nSteuernummer: 78355\/50021<br \/>\nFinanzamt Reutlingen<\/p>\n<p><strong>Websites:<\/strong><br \/>\n<a href=\"http:\/\/www.only-porsche-books.com\/\" target=\"_blank\" rel=\"noopener noreferrer\">only-porsche-books.com<\/a><br \/>\n<a href=\"http:\/\/www.rmp-rm.de\/\" target=\"_blank\" rel=\"noopener noreferrer\">rmp-rm.de<\/a><br \/>\n<a href=\"http:\/\/schnell-mal-essen.de\/\" target=\"_blank\" rel=\"noopener noreferrer\">schnell-mal-essen.de<\/a><br \/>\n<a href=\"http:\/\/racing-and-recipes.com\/\" target=\"_blank\" rel=\"noopener noreferrer\">Racing-and-Recipes.com<\/a><br \/>\n<a href=\"http:\/\/backontrackporsche.com\/\" target=\"_blank\" rel=\"noopener noreferrer\">BACK ON TRACK PORSCHE.com<\/a><br \/>\n<a href=\"http:\/\/rmp-rm.myshopify.com\/\" target=\"_blank\" rel=\"noopener noreferrer\">Shop-Page<\/a><\/p>\n<p><strong>Facebook:<\/strong><a href=\"http:\/\/Racing-and-Recipes.com\"><br \/>\n<\/a><a href=\"https:\/\/www.facebook.com\/Rennkochbuch\/\" target=\"_blank\" rel=\"noopener noreferrer\">facebook.com\/Rennkochbuch\/<\/a><\/p>\n<p><strong>Webwork:<\/strong><br \/>\n<a href=\"http:\/\/www.pictech.de\" target=\"_blank\" rel=\"noopener noreferrer\">www.Pictech.de<\/a><\/p>\n<p>Hinweis zu Copyrights, Handelsnamen, gesch\u00fctzte Warenzeichen und externe Links: \u2028Abgebildete und genannte Logos oder Marken auf diesen Webseiten sind gesch\u00fctzte oder eingetragene Warenzeichen oder Handelsnamen.<br \/>\nProdukt- und Firmennamen sind Marken der jeweiligen Eigent\u00fcmer.<br \/>\nUnsere Webseiten enthalten Links zu anderen Branchennahen Seiten im Internet.<br \/>\nF\u00fcr all diese Links gilt: Wir m\u00f6chten ausdr\u00fccklich betonen, dass wir keinerlei Einfluss auf die Gestaltung und die Inhalte der verlinkten Seiten haben.<br \/>\nDeshalb distanzieren wir uns hiermit ausdr\u00fccklich von allen Inhalten aller gelinkten Seiten auf diesen Webseiten.<br \/>\nBei der Zusammenstellung von Texten, Bildern und Daten wurde mit gr\u00f6\u00dfter Sorgfalt vorgegangen.<br \/>\nTrotzdem k\u00f6nnen Fehler nicht vollst\u00e4ndig ausgeschlossen werden.<br \/>\nWir lehnen daher jede juristische Verantwortung oder Haftung ab.<br \/>\nF\u00fcr Verbesserungsvorschl\u00e4ge oder Hinweise die zur Richtigstellung bzw. Wahrheitsfindung dienlich sind, sind wir nat\u00fcrlich dankbar.<\/p>\n","protected":false},"excerpt":{"rendered":"<p>Gesch\u00e4ftsf\u00fchrer und Teamleiter \/ Managing Director and Team Leader: R\u00fcdiger Mayer rmp-rm \u2022 reality media production Anschrift \/ address: Wannweiler Strasse 55 72770 Reutlingen, Germany Mobil: 0171-3633139 Tel.: 07121-957923 Email: info@rmp-rm.de Umsatzsteuer-Identifikationsnummer: Steuernummer: 78355\/50021 Finanzamt Reutlingen Websites: only-porsche-books.com rmp-rm.de schnell-mal-essen.de Racing-and-Recipes.com BACK ON TRACK PORSCHE.com Shop-Page Facebook: facebook.com\/Rennkochbuch\/ Webwork: www.Pictech.de Hinweis zu Copyrights, Handelsnamen, gesch\u00fctzte &hellip; <\/p>\n<p class=\"link-more\"><a href=\"http:\/\/schnell-mal-essen.de\/en\/imprint\/\" class=\"more-link\">Continue reading<span class=\"screen-reader-text\"> &#8220;Imprint&#8221;<\/span><\/a><\/p>\n","protected":false},"author":1,"featured_media":200,"parent":0,"menu_order":0,"comment_status":"closed","ping_status":"closed","template":"","meta":{"footnotes":""},"class_list":["post-48","page","type-page","status-publish","has-post-thumbnail","hentry"],"_links":{"self":[{"href":"http:\/\/schnell-mal-essen.de\/en\/wp-json\/wp\/v2\/pages\/48","targetHints":{"allow":["GET"]}}],"collection":[{"href":"http:\/\/schnell-mal-essen.de\/en\/wp-json\/wp\/v2\/pages"}],"about":[{"href":"http:\/\/schnell-mal-essen.de\/en\/wp-json\/wp\/v2\/types\/page"}],"author":[{"embeddable":true,"href":"http:\/\/schnell-mal-essen.de\/en\/wp-json\/wp\/v2\/users\/1"}],"replies":[{"embeddable":true,"href":"http:\/\/schnell-mal-essen.de\/en\/wp-json\/wp\/v2\/comments?post=48"}],"version-history":[{"count":10,"href":"http:\/\/schnell-mal-essen.de\/en\/wp-json\/wp\/v2\/pages\/48\/revisions"}],"predecessor-version":[{"id":353,"href":"http:\/\/schnell-mal-essen.de\/en\/wp-json\/wp\/v2\/pages\/48\/revisions\/353"}],"wp:featuredmedia":[{"embeddable":true,"href":"http:\/\/schnell-mal-essen.de\/en\/wp-json\/wp\/v2\/media\/200"}],"wp:attachment":[{"href":"http:\/\/schnell-mal-essen.de\/en\/wp-json\/wp\/v2\/media?parent=48"}],"curies":[{"name":"wp","href":"https:\/\/api.w.org\/{rel}","templated":true}]}}