{"id":10,"date":"2024-10-13T07:14:19","date_gmt":"2024-10-13T05:14:19","guid":{"rendered":"http:\/\/schnell-mal-essen.de\/fr\/?page_id=10"},"modified":"2025-11-10T09:30:16","modified_gmt":"2025-11-10T08:30:16","slug":"le-livre-de-recettes-de-course","status":"publish","type":"page","link":"http:\/\/schnell-mal-essen.de\/fr\/","title":{"rendered":"Le livre de recettes de course"},"content":{"rendered":"<h3>La Course au Menu \u2013 Le livre de recettes de course.<\/h3>\n<p>Avec ce livre, vous conduisez sur 24 circuits<br \/>\n\u2013 rapide et \u00e9pic\u00e9 \u2013<br \/>\net \u00e0 travers le monde avec de nombreuses histoires de courses int\u00e9ressantes.<br \/>\nLe pilote automobile et ing\u00e9nieur Porsche J\u00fcrgen Barth<br \/>\nnon seulement il roule bien et vite,<br \/>\nIl cuisine aussi bien et aime cuisiner des plats \u00e9pic\u00e9s.<br \/>\nAttachez votre ceinture de s\u00e9curit\u00e9 et rejoignez-le dans 24 courses culinaires.<\/p>\n<p><img loading=\"lazy\" decoding=\"async\" class=\"alignnone wp-image-68 size-medium\" src=\"http:\/\/schnell-mal-essen.de\/fr\/wp-content\/uploads\/sites\/3\/2025\/05\/sme_Cover_fr25-300x290.jpg\" alt=\"\" width=\"300\" height=\"290\" srcset=\"http:\/\/schnell-mal-essen.de\/fr\/wp-content\/uploads\/sites\/3\/2025\/05\/sme_Cover_fr25-300x290.jpg 300w, http:\/\/schnell-mal-essen.de\/fr\/wp-content\/uploads\/sites\/3\/2025\/05\/sme_Cover_fr25-1024x988.jpg 1024w, http:\/\/schnell-mal-essen.de\/fr\/wp-content\/uploads\/sites\/3\/2025\/05\/sme_Cover_fr25-768x741.jpg 768w, http:\/\/schnell-mal-essen.de\/fr\/wp-content\/uploads\/sites\/3\/2025\/05\/sme_Cover_fr25-1536x1483.jpg 1536w, http:\/\/schnell-mal-essen.de\/fr\/wp-content\/uploads\/sites\/3\/2025\/05\/sme_Cover_fr25-2048x1977.jpg 2048w\" sizes=\"auto, (max-width: 300px) 100vw, 300px\" \/><\/p>\n<p>Contenu du livre:<br \/>\n160 pages de contenu au rythme rapide,<br \/>\nplus de 200 images et illustrations,<br \/>\nimprim\u00e9 en 4 couleurs.<br \/>\nLe format du livre est 24 x 22 cm.<br \/>\nLe livre de recettes de course \u201e La Course au Menue\u201c est aussi disponible en <a href=\"http:\/\/schnell-mal-essen.de\/\">allemand<\/a> et en <a href=\"http:\/\/schnell-mal-essen.de\/en\/\">anglais<\/a>.<\/p>\n<p>ISBN fran\u00e7ais: 978-3-9819070-9-4<br \/>\nISBN allemand: 978-3-9819070-0-1<br \/>\nISBN anglais: 978-3-9819070-1-8<\/p>\n<p><a href=\"https:\/\/rmp-rm.myshopify.com\/products\/la-course-au-menue-le-livre-de-recettes-de-course\" target=\"_blank\" rel=\"noopener\">Vous pouvez acheter le livre ici.<\/a><\/p>\n","protected":false},"excerpt":{"rendered":"<p>La Course au Menu \u2013 Le livre de recettes de course. Avec ce livre, vous conduisez sur 24 circuits \u2013 rapide et \u00e9pic\u00e9 \u2013 et \u00e0 travers le monde avec de nombreuses histoires de courses int\u00e9ressantes. Le pilote automobile et ing\u00e9nieur Porsche J\u00fcrgen Barth non seulement il roule bien et vite, Il cuisine aussi bien &hellip; <\/p>\n<p class=\"link-more\"><a href=\"http:\/\/schnell-mal-essen.de\/fr\/\" class=\"more-link\">Continuer la lecture<span class=\"screen-reader-text\"> de &laquo;&nbsp;Le livre de recettes de course&nbsp;&raquo;<\/span><\/a><\/p>\n","protected":false},"author":1,"featured_media":66,"parent":0,"menu_order":0,"comment_status":"closed","ping_status":"closed","template":"","meta":{"footnotes":""},"class_list":["post-10","page","type-page","status-publish","has-post-thumbnail","hentry"],"_links":{"self":[{"href":"http:\/\/schnell-mal-essen.de\/fr\/wp-json\/wp\/v2\/pages\/10","targetHints":{"allow":["GET"]}}],"collection":[{"href":"http:\/\/schnell-mal-essen.de\/fr\/wp-json\/wp\/v2\/pages"}],"about":[{"href":"http:\/\/schnell-mal-essen.de\/fr\/wp-json\/wp\/v2\/types\/page"}],"author":[{"embeddable":true,"href":"http:\/\/schnell-mal-essen.de\/fr\/wp-json\/wp\/v2\/users\/1"}],"replies":[{"embeddable":true,"href":"http:\/\/schnell-mal-essen.de\/fr\/wp-json\/wp\/v2\/comments?post=10"}],"version-history":[{"count":16,"href":"http:\/\/schnell-mal-essen.de\/fr\/wp-json\/wp\/v2\/pages\/10\/revisions"}],"predecessor-version":[{"id":79,"href":"http:\/\/schnell-mal-essen.de\/fr\/wp-json\/wp\/v2\/pages\/10\/revisions\/79"}],"wp:featuredmedia":[{"embeddable":true,"href":"http:\/\/schnell-mal-essen.de\/fr\/wp-json\/wp\/v2\/media\/66"}],"wp:attachment":[{"href":"http:\/\/schnell-mal-essen.de\/fr\/wp-json\/wp\/v2\/media?parent=10"}],"curies":[{"name":"wp","href":"https:\/\/api.w.org\/{rel}","templated":true}]}}