{"id":50,"date":"2024-10-13T08:08:31","date_gmt":"2024-10-13T06:08:31","guid":{"rendered":"http:\/\/schnell-mal-essen.de\/fr\/?page_id=50"},"modified":"2025-11-10T09:39:26","modified_gmt":"2025-11-10T08:39:26","slug":"imprimer","status":"publish","type":"page","link":"http:\/\/schnell-mal-essen.de\/fr\/imprimer\/","title":{"rendered":"Mentions l\u00e9gales"},"content":{"rendered":"\n<p><strong>R\u00fcdiger Mayer<\/strong><br><strong>rmp-rm \u2022 reality media production<\/strong><\/p>\n\n\n\n<p><strong>Adresse:<\/strong><br>Wannweiler Strasse 55<br>72770 Reutlingen, Allemagne<br><strong>Portable:<\/strong> 0171-3633139<br><strong>Tel.:<\/strong> 07121-957923<br><strong>Mail:<\/strong> <a href=\"mailto:info@rmp-rm.de\">info@rmp-rm.de<\/a><br><strong>Web<\/strong>: <a href=\"http:\/\/www.rmp-rm.de\/\" target=\"_blank\" rel=\"noreferrer noopener\">rmp-rm.de<\/a><\/p>\n\n\n\n<p>Umsatzsteuer-Identifikationsnummer:<br>Steuernummer: 78355\/50021<br>Finanzamt Reutlingen<\/p>\n\n\n\n<p><strong>Websites:<\/strong><br><a href=\"http:\/\/www.only-porsche-books.com\/\" target=\"_blank\" rel=\"noreferrer noopener\">only-porsche-books.com<\/a><br><a href=\"http:\/\/www.rmp-rm.de\/\" target=\"_blank\" rel=\"noreferrer noopener\">rmp-rm.de<\/a><br><a href=\"http:\/\/schnell-mal-essen.de\/\" target=\"_blank\" rel=\"noreferrer noopener\">schnell-mal-essen.de<\/a><br><a href=\"http:\/\/racing-and-recipes.com\/\" target=\"_blank\" rel=\"noreferrer noopener\">Racing-and-Recipes.com<\/a><br><a href=\"http:\/\/backontrackporsche.com\/\" target=\"_blank\" rel=\"noreferrer noopener\">BACK ON TRACK PORSCHE.com<\/a><br><a href=\"http:\/\/rmp-rm.myshopify.com\/\" target=\"_blank\" rel=\"noreferrer noopener\">Shop-Page<\/a><br><strong><br>Facebook:<\/strong><br><a href=\"https:\/\/www.facebook.com\/Rennkochbuch\/\" target=\"_blank\" rel=\"noreferrer noopener\">facebook.com\/Rennkochbuch\/<\/a><\/p>\n\n\n\n<p><strong>Webwork:<\/strong><br><a href=\"http:\/\/www.pictech.de\" target=\"_blank\" rel=\"noreferrer noopener\">www.Pictech.de<\/a><\/p>\n\n\n\n<p><strong>Mentions relatives aux droits d\u2019auteur, aux marques et aux liens externes<\/strong><\/p>\n\n\n\n<p>Les logos, marques et noms cit\u00e9s sur ce site Internet sont des marques d\u00e9pos\u00e9es ou prot\u00e9g\u00e9es, ainsi que des noms commerciaux appartenant \u00e0 leurs d\u00e9tenteurs respectifs.<br>Les noms de produits et d\u2019entreprises mentionn\u00e9s sont la propri\u00e9t\u00e9 de leurs titulaires.<\/p>\n\n\n\n<p>Notre site Internet peut contenir des liens vers d\u2019autres sites du m\u00eame secteur.<br>Nous tenons \u00e0 pr\u00e9ciser que nous n\u2019exer\u00e7ons aucun contr\u00f4le sur le contenu ni sur la pr\u00e9sentation de ces sites externes.<br>En cons\u00e9quence, nous d\u00e9clinons toute responsabilit\u00e9 quant au contenu des pages accessibles via ces liens.<\/p>\n\n\n\n<p>Le contenu de ce site (textes, images, donn\u00e9es, etc.) a \u00e9t\u00e9 \u00e9labor\u00e9 avec le plus grand soin.<br>Cependant, des erreurs ou omissions ne peuvent \u00eatre totalement exclues.<br>Nous d\u00e9clinons donc toute responsabilit\u00e9 l\u00e9gale quant \u00e0 d\u2019\u00e9ventuelles inexactitudes ou dommages r\u00e9sultant de l\u2019utilisation des informations fournies.<\/p>\n\n\n\n<p>Nous accueillons avec reconnaissance toute suggestion ou remarque permettant d\u2019am\u00e9liorer nos contenus ou de corriger d\u2019\u00e9ventuelles erreurs.<\/p>\n","protected":false},"excerpt":{"rendered":"<p>R\u00fcdiger Mayerrmp-rm \u2022 reality media production Adresse:Wannweiler Strasse 5572770 Reutlingen, AllemagnePortable: 0171-3633139Tel.: 07121-957923Mail: info@rmp-rm.deWeb: rmp-rm.de Umsatzsteuer-Identifikationsnummer:Steuernummer: 78355\/50021Finanzamt Reutlingen Websites:only-porsche-books.comrmp-rm.deschnell-mal-essen.deRacing-and-Recipes.comBACK ON TRACK PORSCHE.comShop-PageFacebook:facebook.com\/Rennkochbuch\/ Webwork:www.Pictech.de Mentions relatives aux droits d\u2019auteur, aux marques et aux liens externes Les logos, marques et noms cit\u00e9s sur ce site Internet sont des marques d\u00e9pos\u00e9es ou prot\u00e9g\u00e9es, ainsi que des noms commerciaux &hellip; <\/p>\n<p class=\"link-more\"><a href=\"http:\/\/schnell-mal-essen.de\/fr\/imprimer\/\" class=\"more-link\">Continuer la lecture<span class=\"screen-reader-text\"> de &laquo;&nbsp;Mentions l\u00e9gales&nbsp;&raquo;<\/span><\/a><\/p>\n","protected":false},"author":1,"featured_media":0,"parent":0,"menu_order":0,"comment_status":"closed","ping_status":"closed","template":"","meta":{"footnotes":""},"class_list":["post-50","page","type-page","status-publish","hentry"],"_links":{"self":[{"href":"http:\/\/schnell-mal-essen.de\/fr\/wp-json\/wp\/v2\/pages\/50","targetHints":{"allow":["GET"]}}],"collection":[{"href":"http:\/\/schnell-mal-essen.de\/fr\/wp-json\/wp\/v2\/pages"}],"about":[{"href":"http:\/\/schnell-mal-essen.de\/fr\/wp-json\/wp\/v2\/types\/page"}],"author":[{"embeddable":true,"href":"http:\/\/schnell-mal-essen.de\/fr\/wp-json\/wp\/v2\/users\/1"}],"replies":[{"embeddable":true,"href":"http:\/\/schnell-mal-essen.de\/fr\/wp-json\/wp\/v2\/comments?post=50"}],"version-history":[{"count":4,"href":"http:\/\/schnell-mal-essen.de\/fr\/wp-json\/wp\/v2\/pages\/50\/revisions"}],"predecessor-version":[{"id":83,"href":"http:\/\/schnell-mal-essen.de\/fr\/wp-json\/wp\/v2\/pages\/50\/revisions\/83"}],"wp:attachment":[{"href":"http:\/\/schnell-mal-essen.de\/fr\/wp-json\/wp\/v2\/media?parent=50"}],"curies":[{"name":"wp","href":"https:\/\/api.w.org\/{rel}","templated":true}]}}